{"id":3173,"date":"2025-09-29T16:55:11","date_gmt":"2025-09-29T14:55:11","guid":{"rendered":"https:\/\/dreamvg.com\/virtualni-sprehod\/"},"modified":"2025-12-04T17:27:14","modified_gmt":"2025-12-04T15:27:14","slug":"virtualni-sprehod","status":"publish","type":"page","link":"https:\/\/dreamvg.com\/sl\/virtualni-sprehod\/","title":{"rendered":"Virtualni sprehod"},"content":{"rendered":"<section class=\"l-section wpb_row height_medium\"><div class=\"l-section-h i-cf\"><div class=\"g-cols vc_row via_grid cols_1-2 laptops-cols_inherit tablets-cols_inherit mobiles-cols_1 valign_top type_default reversed stacking_default\"><div class=\"wpb_column vc_column_container us_custom_7e20fa79 us_animate_this\"><div class=\"vc_column-inner\"><h1 class=\"w-post-elm post_title entry-title color_link_inherit\">Virtualni sprehod<\/h1><div class=\"wpb_text_column\"><div class=\"wpb_wrapper\"><p><span>Poglejte na\u0161 hotel \u0161e pred prihodom! Sprehodite se skozi sobe z na\u0161im virtualnim sprehodom.<\/span><\/p>\n<\/div><\/div><\/div><\/div><div class=\"wpb_column vc_column_container us_custom_47474b22 us_animate_this\"><div class=\"vc_column-inner\"><div class=\"w-html\"><figure style=\"text-align:center;\"><iframe loading=\"lazy\" src=\"https:\/\/dreamvg.com\/wp-content\/uploads\/Prenociste_pano\" allowfullscreen=\"allowfullscreen\" width=\"950px\" height=\"712px\"><\/iframe><\/figure><\/div><\/div><\/div><\/div><\/div><\/section>\n","protected":false},"excerpt":{"rendered":"","protected":false},"author":1,"featured_media":0,"parent":0,"menu_order":0,"comment_status":"closed","ping_status":"closed","template":"","meta":{"_acf_changed":false,"footnotes":""},"class_list":["post-3173","page","type-page","status-publish","hentry"],"acf":[],"yoast_head":"<!-- This site is optimized with the Yoast SEO plugin v26.9 - https:\/\/yoast.com\/product\/yoast-seo-wordpress\/ -->\n<title>Virtualni sprehod - Hotel Dream Velika Gorica<\/title>\n<meta name=\"robots\" content=\"index, follow, max-snippet:-1, max-image-preview:large, max-video-preview:-1\" \/>\n<link rel=\"canonical\" href=\"https:\/\/dreamvg.com\/sl\/virtualni-sprehod\/\" \/>\n<meta property=\"og:locale\" content=\"sl_SI\" \/>\n<meta property=\"og:type\" content=\"article\" \/>\n<meta property=\"og:title\" content=\"Virtualni sprehod - Hotel Dream Velika Gorica\" \/>\n<meta property=\"og:url\" content=\"https:\/\/dreamvg.com\/sl\/virtualni-sprehod\/\" \/>\n<meta property=\"og:site_name\" content=\"Hotel Dream Velika Gorica\" \/>\n<meta property=\"article:modified_time\" content=\"2025-12-04T15:27:14+00:00\" \/>\n<meta name=\"twitter:card\" content=\"summary_large_image\" \/>\n<meta name=\"twitter:label1\" content=\"Est. reading time\" \/>\n\t<meta name=\"twitter:data1\" content=\"1 minuta\" \/>\n<script type=\"application\/ld+json\" class=\"yoast-schema-graph\">{\"@context\":\"https:\/\/schema.org\",\"@graph\":[{\"@type\":\"WebPage\",\"@id\":\"https:\/\/dreamvg.com\/sl\/virtualni-sprehod\/\",\"url\":\"https:\/\/dreamvg.com\/sl\/virtualni-sprehod\/\",\"name\":\"Virtualni sprehod - Hotel Dream Velika Gorica\",\"isPartOf\":{\"@id\":\"https:\/\/dreamvg.com\/#website\"},\"datePublished\":\"2025-09-29T14:55:11+00:00\",\"dateModified\":\"2025-12-04T15:27:14+00:00\",\"breadcrumb\":{\"@id\":\"https:\/\/dreamvg.com\/sl\/virtualni-sprehod\/#breadcrumb\"},\"inLanguage\":\"sl-SI\",\"potentialAction\":[{\"@type\":\"ReadAction\",\"target\":[\"https:\/\/dreamvg.com\/sl\/virtualni-sprehod\/\"]}]},{\"@type\":\"BreadcrumbList\",\"@id\":\"https:\/\/dreamvg.com\/sl\/virtualni-sprehod\/#breadcrumb\",\"itemListElement\":[{\"@type\":\"ListItem\",\"position\":1,\"name\":\"Po\u010detna stranica\",\"item\":\"https:\/\/dreamvg.com\/sl\/naslovnica\/\"},{\"@type\":\"ListItem\",\"position\":2,\"name\":\"Virtualni sprehod\"}]},{\"@type\":\"WebSite\",\"@id\":\"https:\/\/dreamvg.com\/#website\",\"url\":\"https:\/\/dreamvg.com\/\",\"name\":\"Hotel Dream Velika Gorica\",\"description\":\"\",\"publisher\":{\"@id\":\"https:\/\/dreamvg.com\/#organization\"},\"potentialAction\":[{\"@type\":\"SearchAction\",\"target\":{\"@type\":\"EntryPoint\",\"urlTemplate\":\"https:\/\/dreamvg.com\/?s={search_term_string}\"},\"query-input\":{\"@type\":\"PropertyValueSpecification\",\"valueRequired\":true,\"valueName\":\"search_term_string\"}}],\"inLanguage\":\"sl-SI\"},{\"@type\":\"Organization\",\"@id\":\"https:\/\/dreamvg.com\/#organization\",\"name\":\"Hotel Dream Velika Gorica\",\"url\":\"https:\/\/dreamvg.com\/\",\"logo\":{\"@type\":\"ImageObject\",\"inLanguage\":\"sl-SI\",\"@id\":\"https:\/\/dreamvg.com\/#\/schema\/logo\/image\/\",\"url\":\"https:\/\/dreamvg.com\/wp-content\/uploads\/2025\/09\/DREAM-HOTEL-logo.webp\",\"contentUrl\":\"https:\/\/dreamvg.com\/wp-content\/uploads\/2025\/09\/DREAM-HOTEL-logo.webp\",\"width\":302,\"height\":118,\"caption\":\"Hotel Dream Velika Gorica\"},\"image\":{\"@id\":\"https:\/\/dreamvg.com\/#\/schema\/logo\/image\/\"}}]}<\/script>\n<!-- \/ Yoast SEO plugin. -->","yoast_head_json":{"title":"Virtualni sprehod - Hotel Dream Velika Gorica","robots":{"index":"index","follow":"follow","max-snippet":"max-snippet:-1","max-image-preview":"max-image-preview:large","max-video-preview":"max-video-preview:-1"},"canonical":"https:\/\/dreamvg.com\/sl\/virtualni-sprehod\/","og_locale":"sl_SI","og_type":"article","og_title":"Virtualni sprehod - Hotel Dream Velika Gorica","og_url":"https:\/\/dreamvg.com\/sl\/virtualni-sprehod\/","og_site_name":"Hotel Dream Velika Gorica","article_modified_time":"2025-12-04T15:27:14+00:00","twitter_card":"summary_large_image","twitter_misc":{"Est. reading time":"1 minuta"},"schema":{"@context":"https:\/\/schema.org","@graph":[{"@type":"WebPage","@id":"https:\/\/dreamvg.com\/sl\/virtualni-sprehod\/","url":"https:\/\/dreamvg.com\/sl\/virtualni-sprehod\/","name":"Virtualni sprehod - Hotel Dream Velika Gorica","isPartOf":{"@id":"https:\/\/dreamvg.com\/#website"},"datePublished":"2025-09-29T14:55:11+00:00","dateModified":"2025-12-04T15:27:14+00:00","breadcrumb":{"@id":"https:\/\/dreamvg.com\/sl\/virtualni-sprehod\/#breadcrumb"},"inLanguage":"sl-SI","potentialAction":[{"@type":"ReadAction","target":["https:\/\/dreamvg.com\/sl\/virtualni-sprehod\/"]}]},{"@type":"BreadcrumbList","@id":"https:\/\/dreamvg.com\/sl\/virtualni-sprehod\/#breadcrumb","itemListElement":[{"@type":"ListItem","position":1,"name":"Po\u010detna stranica","item":"https:\/\/dreamvg.com\/sl\/naslovnica\/"},{"@type":"ListItem","position":2,"name":"Virtualni sprehod"}]},{"@type":"WebSite","@id":"https:\/\/dreamvg.com\/#website","url":"https:\/\/dreamvg.com\/","name":"Hotel Dream Velika Gorica","description":"","publisher":{"@id":"https:\/\/dreamvg.com\/#organization"},"potentialAction":[{"@type":"SearchAction","target":{"@type":"EntryPoint","urlTemplate":"https:\/\/dreamvg.com\/?s={search_term_string}"},"query-input":{"@type":"PropertyValueSpecification","valueRequired":true,"valueName":"search_term_string"}}],"inLanguage":"sl-SI"},{"@type":"Organization","@id":"https:\/\/dreamvg.com\/#organization","name":"Hotel Dream Velika Gorica","url":"https:\/\/dreamvg.com\/","logo":{"@type":"ImageObject","inLanguage":"sl-SI","@id":"https:\/\/dreamvg.com\/#\/schema\/logo\/image\/","url":"https:\/\/dreamvg.com\/wp-content\/uploads\/2025\/09\/DREAM-HOTEL-logo.webp","contentUrl":"https:\/\/dreamvg.com\/wp-content\/uploads\/2025\/09\/DREAM-HOTEL-logo.webp","width":302,"height":118,"caption":"Hotel Dream Velika Gorica"},"image":{"@id":"https:\/\/dreamvg.com\/#\/schema\/logo\/image\/"}}]}},"_links":{"self":[{"href":"https:\/\/dreamvg.com\/sl\/wp-json\/wp\/v2\/pages\/3173","targetHints":{"allow":["GET"]}}],"collection":[{"href":"https:\/\/dreamvg.com\/sl\/wp-json\/wp\/v2\/pages"}],"about":[{"href":"https:\/\/dreamvg.com\/sl\/wp-json\/wp\/v2\/types\/page"}],"author":[{"embeddable":true,"href":"https:\/\/dreamvg.com\/sl\/wp-json\/wp\/v2\/users\/1"}],"replies":[{"embeddable":true,"href":"https:\/\/dreamvg.com\/sl\/wp-json\/wp\/v2\/comments?post=3173"}],"version-history":[{"count":2,"href":"https:\/\/dreamvg.com\/sl\/wp-json\/wp\/v2\/pages\/3173\/revisions"}],"predecessor-version":[{"id":3175,"href":"https:\/\/dreamvg.com\/sl\/wp-json\/wp\/v2\/pages\/3173\/revisions\/3175"}],"wp:attachment":[{"href":"https:\/\/dreamvg.com\/sl\/wp-json\/wp\/v2\/media?parent=3173"}],"curies":[{"name":"wp","href":"https:\/\/api.w.org\/{rel}","templated":true}]}}