{"id":3170,"date":"2021-11-28T13:36:24","date_gmt":"2021-11-28T11:36:24","guid":{"rendered":"https:\/\/dreamvg.com\/sobe\/"},"modified":"2025-12-04T17:26:38","modified_gmt":"2025-12-04T15:26:38","slug":"sobe","status":"publish","type":"page","link":"https:\/\/dreamvg.com\/sl\/sobe\/","title":{"rendered":"Sobe"},"content":{"rendered":"<section class=\"l-section wpb_row height_medium\"><div class=\"l-section-h i-cf\"><div class=\"g-cols vc_row via_grid cols_1 laptops-cols_inherit tablets-cols_inherit mobiles-cols_1 valign_top type_default stacking_default\"><div class=\"wpb_column vc_column_container us_custom_60e9caca us_animate_this\"><div class=\"vc_column-inner\"><div class=\"w-separator us_custom_f563326e us_animate_this size_medium\"><\/div><h1 class=\"w-text us_custom_edb423b1\"><span class=\"w-text-h\"><span class=\"w-text-value\">Sobe<\/span><\/span><\/h1><div class=\"wpb_text_column us_custom_b13cb45a\"><div class=\"wpb_wrapper\"><p><span>Odkrijte popoln kraj za sprostitev! Izberite svojo sobo. <\/span><\/p>\n<\/div><\/div><div class=\"w-separator size_medium\"><\/div><div class=\"w-grid us_post_list type_grid layout_686 cols_3 preload_style_spinner with_css_animation\" id=\"us_post_list_o490\" style=\"--columns:3;--gap:1.5rem;\"><style>@media (max-width:1024px){#us_post_list_o490{--columns:2!important}}@media (max-width:600px){#us_post_list_o490{--columns:1!important}}.layout_686 .w-grid-item-h{background:var(--color-alt-content-bg-alt);color:var(--color-alt-content-text)}.layout_686 .usg_post_image_1{width:100%!important}.layout_686 .usg_post_title_1{font-size:max( 40px,1.8vw )!important;margin-left:40px!important;margin-top:20px!important;margin-right:40px!important}.layout_686 .usg_post_content_1{margin-left:40px!important;margin-top:20px!important;margin-right:40px!important}.layout_686 .usg_btn_1{margin:20px 40px 40px 40px!important}@media (min-width:1025px) and (max-width:1380px){.layout_686 .usg_post_title_1{margin-left:30px!important;margin-top:20px!important;margin-right:30px!important}.layout_686 .usg_post_content_1{margin-left:30px!important;margin-top:20px!important;margin-right:30px!important}.layout_686 .usg_btn_1{margin:20px 30px 30px 30px!important}}@media (min-width:601px) and (max-width:1024px){.layout_686 .usg_post_title_1{margin-left:20px!important;margin-top:20px!important;margin-right:20px!important}.layout_686 .usg_post_content_1{margin-left:20px!important;margin-top:20px!important;margin-right:20px!important}.layout_686 .usg_btn_1{margin:20px!important}}@media (max-width:600px){.layout_686 .usg_post_title_1{margin-left:20px!important;margin-top:20px!important;margin-right:20px!important}.layout_686 .usg_post_content_1{margin-left:20px!important;margin-top:20px!important;margin-right:20px!important}.layout_686 .usg_btn_1{margin:20px!important}}<\/style><div class=\"w-grid-list\">\t<article class=\"w-grid-item us_animate_afl size_1x1 post-3196 us_portfolio type-us_portfolio status-publish has-post-thumbnail hentry us_portfolio_category-sobe\" data-id=\"3196\" style=\"animation-delay:0s\">\r\n\t\t<div class=\"w-grid-item-h\">\r\n\t\t\t\t\t\t<div class=\"w-post-elm post_image usg_post_image_1 has_width has_ratio\"><a href=\"https:\/\/dreamvg.com\/sl\/room\/dvoposteljna-soba\/\" aria-label=\"Dvoposteljna soba\"><img loading=\"lazy\" decoding=\"async\" width=\"1024\" height=\"576\" src=\"https:\/\/dreamvg.com\/wp-content\/uploads\/2025\/09\/dvokrevetna1-1024x576.webp\" class=\"attachment-large size-large wp-post-image\" alt=\"\" \/><\/a><div style=\"padding-bottom:56.25%\"><\/div><\/div><h3 class=\"w-post-elm post_title usg_post_title_1 entry-title color_link_inherit\"><a href=\"https:\/\/dreamvg.com\/sl\/room\/dvoposteljna-soba\/\">Dvoposteljna soba<\/a><\/h3><div class=\"w-post-elm post_content usg_post_content_1\"><p>Ta soba ima dve lo\u010deni postelji in mo\u017enost dodatnega le\u017ei\u0161\u010da.<\/p>\n<\/div><a class=\"w-btn us-btn-style_25 usg_btn_1\" href=\"https:\/\/dreamvg.com\/sl\/room\/dvoposteljna-soba\/\"><span class=\"w-btn-label\">POGLEJ<\/span><\/a>\t\t<\/div>\r\n\t\t\t<\/article>\r\n\t<article class=\"w-grid-item us_animate_afl size_1x1 post-3200 us_portfolio type-us_portfolio status-publish has-post-thumbnail hentry us_portfolio_category-sobe\" data-id=\"3200\" style=\"animation-delay:0.1s\">\r\n\t\t<div class=\"w-grid-item-h\">\r\n\t\t\t\t\t\t<div class=\"w-post-elm post_image usg_post_image_1 has_width has_ratio\"><a href=\"https:\/\/dreamvg.com\/sl\/room\/enoposteljna-soba\/\" aria-label=\"Enoposteljna soba\"><img loading=\"lazy\" decoding=\"async\" width=\"1024\" height=\"575\" src=\"https:\/\/dreamvg.com\/wp-content\/uploads\/2025\/09\/jednokrevetna1-1024x575.webp\" class=\"attachment-large size-large wp-post-image\" alt=\"\" \/><\/a><div style=\"padding-bottom:56.25%\"><\/div><\/div><h3 class=\"w-post-elm post_title usg_post_title_1 entry-title color_link_inherit\"><a href=\"https:\/\/dreamvg.com\/sl\/room\/enoposteljna-soba\/\">Enoposteljna soba<\/a><\/h3><div class=\"w-post-elm post_content usg_post_content_1\"><p>Ta soba ima dve lo\u010deni postelji in se lahko uporablja kot enoposteljna.<\/p>\n<\/div><a class=\"w-btn us-btn-style_25 usg_btn_1\" href=\"https:\/\/dreamvg.com\/sl\/room\/enoposteljna-soba\/\"><span class=\"w-btn-label\">POGLEJ<\/span><\/a>\t\t<\/div>\r\n\t\t\t<\/article>\r\n\t<article class=\"w-grid-item us_animate_afl size_1x1 post-3204 us_portfolio type-us_portfolio status-publish has-post-thumbnail hentry us_portfolio_category-sobe\" data-id=\"3204\" style=\"animation-delay:0.2s\">\r\n\t\t<div class=\"w-grid-item-h\">\r\n\t\t\t\t\t\t<div class=\"w-post-elm post_image usg_post_image_1 has_width has_ratio\"><a href=\"https:\/\/dreamvg.com\/sl\/room\/soba-z-zakonsko-posteljo\/\" aria-label=\"Soba z zakonsko posteljo\"><img loading=\"lazy\" decoding=\"async\" width=\"1024\" height=\"576\" src=\"https:\/\/dreamvg.com\/wp-content\/uploads\/2025\/09\/bracni1-1024x576.webp\" class=\"attachment-large size-large wp-post-image\" alt=\"\" \/><\/a><div style=\"padding-bottom:56.25%\"><\/div><\/div><h3 class=\"w-post-elm post_title usg_post_title_1 entry-title color_link_inherit\"><a href=\"https:\/\/dreamvg.com\/sl\/room\/soba-z-zakonsko-posteljo\/\">Soba z zakonsko posteljo<\/a><\/h3><div class=\"w-post-elm post_content usg_post_content_1\"><p>Ta soba ima eno zakonsko posteljo, brez mo\u017enosti dodatnega le\u017ei\u0161\u010da.<\/p>\n<\/div><a class=\"w-btn us-btn-style_25 usg_btn_1\" href=\"https:\/\/dreamvg.com\/sl\/room\/soba-z-zakonsko-posteljo\/\"><span class=\"w-btn-label\">POGLEJ<\/span><\/a>\t\t<\/div>\r\n\t\t\t<\/article>\r\n\t<article class=\"w-grid-item us_animate_afl size_1x1 post-3209 us_portfolio type-us_portfolio status-publish has-post-thumbnail hentry us_portfolio_category-sobe\" data-id=\"3209\" style=\"animation-delay:0.3s\">\r\n\t\t<div class=\"w-grid-item-h\">\r\n\t\t\t\t\t\t<div class=\"w-post-elm post_image usg_post_image_1 has_width has_ratio\"><a href=\"https:\/\/dreamvg.com\/sl\/room\/troposteljna-soba\/\" aria-label=\"Troposteljna soba\"><img loading=\"lazy\" decoding=\"async\" width=\"1024\" height=\"683\" src=\"https:\/\/dreamvg.com\/wp-content\/uploads\/2025\/09\/trokrevetna1-1024x683.webp\" class=\"attachment-large size-large wp-post-image\" alt=\"\" \/><\/a><div style=\"padding-bottom:56.25%\"><\/div><\/div><h3 class=\"w-post-elm post_title usg_post_title_1 entry-title color_link_inherit\"><a href=\"https:\/\/dreamvg.com\/sl\/room\/troposteljna-soba\/\">Troposteljna soba<\/a><\/h3><div class=\"w-post-elm post_content usg_post_content_1\"><p>Nova, moderno opremljena troposteljna soba z eno zakonsko in eno lo\u010deno posteljo.<\/p>\n<\/div><a class=\"w-btn us-btn-style_25 usg_btn_1\" href=\"https:\/\/dreamvg.com\/sl\/room\/troposteljna-soba\/\"><span class=\"w-btn-label\">POGLEJ<\/span><\/a>\t\t<\/div>\r\n\t\t\t<\/article>\r\n\t<article class=\"w-grid-item us_animate_afl size_1x1 post-3212 us_portfolio type-us_portfolio status-publish has-post-thumbnail hentry us_portfolio_category-sobe\" data-id=\"3212\" style=\"animation-delay:0.4s\">\r\n\t\t<div class=\"w-grid-item-h\">\r\n\t\t\t\t\t\t<div class=\"w-post-elm post_image usg_post_image_1 has_width has_ratio\"><a href=\"https:\/\/dreamvg.com\/sl\/room\/druzinska-soba\/\" aria-label=\"Dru\u017einska soba\"><img loading=\"lazy\" decoding=\"async\" width=\"1024\" height=\"576\" src=\"https:\/\/dreamvg.com\/wp-content\/uploads\/2025\/09\/obiteljska1-1024x576.webp\" class=\"attachment-large size-large wp-post-image\" alt=\"\" \/><\/a><div style=\"padding-bottom:56.25%\"><\/div><\/div><h3 class=\"w-post-elm post_title usg_post_title_1 entry-title color_link_inherit\"><a href=\"https:\/\/dreamvg.com\/sl\/room\/druzinska-soba\/\">Dru\u017einska soba<\/a><\/h3><div class=\"w-post-elm post_content usg_post_content_1\"><p>Moderno opremljena dru\u017einska soba, ki je sestavljena iz dveh med seboj povezanih sob s skupno kopalnico.<\/p>\n<\/div><a class=\"w-btn us-btn-style_25 usg_btn_1\" href=\"https:\/\/dreamvg.com\/sl\/room\/druzinska-soba\/\"><span class=\"w-btn-label\">POGLEJ<\/span><\/a>\t\t<\/div>\r\n\t\t\t<\/article>\r\n<\/div><div class=\"g-loadmore hidden\"><div class=\"g-preloader type_1\"><div><\/div><\/div><\/div><div class=\"w-grid-list-json hidden\" onclick='return {&quot;max_num_pages&quot;:0,&quot;paginationBase&quot;:&quot;page&quot;,&quot;pagination&quot;:&quot;none&quot;,&quot;paged&quot;:1,&quot;ajaxData&quot;:{&quot;action&quot;:&quot;us_ajax_post_list&quot;,&quot;meta_type&quot;:&quot;post&quot;,&quot;object_id&quot;:0,&quot;template_vars&quot;:{&quot;shortcode_base&quot;:&quot;us_post_list&quot;,&quot;paged&quot;:1,&quot;max_num_pages&quot;:0,&quot;no_results&quot;:false,&quot;us_post_content_design_css&quot;:[],&quot;found_posts&quot;:0,&quot;per_page&quot;:10,&quot;items_count&quot;:5,&quot;orderby_random_seed&quot;:null,&quot;source&quot;:&quot;all&quot;,&quot;custom_field_name&quot;:&quot;&quot;,&quot;ids&quot;:&quot;&quot;,&quot;post_type&quot;:&quot;us_portfolio&quot;,&quot;attachment_ids&quot;:null,&quot;include_post_thumbnail&quot;:0,&quot;post_author&quot;:&quot;any&quot;,&quot;post_author_ids&quot;:&quot;&quot;,&quot;apply_url_params&quot;:0,&quot;ignore_sticky_posts&quot;:1,&quot;exclude_children&quot;:0,&quot;exclude_current_post&quot;:1,&quot;exclude_prev_posts&quot;:0,&quot;exclude_past_events&quot;:0,&quot;enable_items_offset&quot;:0,&quot;items_offset&quot;:&quot;1&quot;,&quot;tax_query_relation&quot;:&quot;AND&quot;,&quot;tax_query&quot;:&quot;%5B%7B%22operator%22%3A%22IN%22%2C%22taxonomy%22%3A%22us_portfolio_category%22%2C%22terms%22%3A%223%22%2C%22include_children%22%3A0%7D%5D&quot;,&quot;meta_query_relation&quot;:&quot;none&quot;,&quot;meta_query&quot;:[{&quot;key&quot;:&quot;custom_field_name&quot;,&quot;compare&quot;:&quot;=&quot;,&quot;value&quot;:&quot;&quot;}],&quot;orderby&quot;:&quot;date&quot;,&quot;orderby_custom_field&quot;:&quot;&quot;,&quot;orderby_custom_type&quot;:0,&quot;order_invert&quot;:&quot;1&quot;,&quot;show_all&quot;:0,&quot;quantity&quot;:&quot;10&quot;,&quot;posts_per_archive_page&quot;:0,&quot;no_items_action&quot;:&quot;message&quot;,&quot;no_items_message&quot;:&quot;Ni najdenih rezultatov.&quot;,&quot;no_items_page_block&quot;:&quot;&quot;,&quot;pagination&quot;:&quot;none&quot;,&quot;pagination_style&quot;:&quot;&quot;,&quot;pagination_btn_text&quot;:&quot;Load More&quot;,&quot;pagination_btn_size&quot;:&quot;&quot;,&quot;pagination_btn_style&quot;:&quot;1&quot;,&quot;pagination_btn_fullwidth&quot;:0,&quot;items_layout&quot;:&quot;686&quot;,&quot;type&quot;:&quot;grid&quot;,&quot;items_valign&quot;:0,&quot;ignore_items_size&quot;:0,&quot;columns&quot;:&quot;3&quot;,&quot;items_gap&quot;:&quot;1.5rem&quot;,&quot;load_animation&quot;:&quot;afl&quot;,&quot;items_preload_style&quot;:&quot;spinner&quot;,&quot;img_size&quot;:&quot;default&quot;,&quot;title_size&quot;:&quot;&quot;,&quot;items_ratio&quot;:&quot;default&quot;,&quot;items_ratio_width&quot;:&quot;21&quot;,&quot;items_ratio_height&quot;:&quot;9&quot;,&quot;overriding_link&quot;:&quot;{\\&quot;url\\&quot;:\\&quot;\\&quot;}&quot;,&quot;popup_page_template&quot;:&quot;0&quot;,&quot;popup_width&quot;:&quot;&quot;,&quot;popup_arrows&quot;:1,&quot;breakpoint_1_width&quot;:&quot;1381px&quot;,&quot;breakpoint_1_cols&quot;:&quot;default&quot;,&quot;breakpoint_1_quantity&quot;:&quot;&quot;,&quot;breakpoint_1_gap&quot;:&quot;&quot;,&quot;breakpoint_2_width&quot;:&quot;1025px&quot;,&quot;breakpoint_2_cols&quot;:&quot;2&quot;,&quot;breakpoint_2_quantity&quot;:&quot;&quot;,&quot;breakpoint_2_gap&quot;:&quot;&quot;,&quot;breakpoint_3_width&quot;:&quot;601px&quot;,&quot;breakpoint_3_cols&quot;:&quot;1&quot;,&quot;breakpoint_3_quantity&quot;:&quot;&quot;,&quot;breakpoint_3_gap&quot;:&quot;&quot;,&quot;conditions_operator&quot;:&quot;always&quot;,&quot;conditions&quot;:[],&quot;css&quot;:null,&quot;el_class&quot;:&quot;&quot;,&quot;el_id&quot;:&quot;&quot;,&quot;enable_custom_html_atts&quot;:0,&quot;custom_html_atts&quot;:null,&quot;hide_on_states&quot;:&quot;&quot;,&quot;hide_for_sticky&quot;:0,&quot;hide_for_not_sticky&quot;:0,&quot;hide_below&quot;:&quot;0px&quot;,&quot;hide_above&quot;:&quot;0px&quot;,&quot;classes&quot;:&quot;&quot;},&quot;found_posts&quot;:0,&quot;per_page&quot;:10},&quot;facetedFilter&quot;:[]}'><\/div><\/div><\/div><\/div><\/div><\/div><\/section>\n","protected":false},"excerpt":{"rendered":"","protected":false},"author":1,"featured_media":0,"parent":0,"menu_order":0,"comment_status":"closed","ping_status":"closed","template":"","meta":{"_acf_changed":false,"footnotes":""},"class_list":["post-3170","page","type-page","status-publish","hentry"],"acf":[],"yoast_head":"<!-- This site is optimized with the Yoast SEO plugin v26.9 - https:\/\/yoast.com\/product\/yoast-seo-wordpress\/ -->\n<title>Sobe - Hotel Dream Velika Gorica<\/title>\n<meta name=\"robots\" content=\"index, follow, max-snippet:-1, max-image-preview:large, max-video-preview:-1\" \/>\n<link rel=\"canonical\" href=\"https:\/\/dreamvg.com\/sl\/sobe\/\" \/>\n<meta property=\"og:locale\" content=\"sl_SI\" \/>\n<meta property=\"og:type\" content=\"article\" \/>\n<meta property=\"og:title\" content=\"Sobe - Hotel Dream Velika Gorica\" \/>\n<meta property=\"og:url\" content=\"https:\/\/dreamvg.com\/sl\/sobe\/\" \/>\n<meta property=\"og:site_name\" content=\"Hotel Dream Velika Gorica\" \/>\n<meta property=\"article:modified_time\" content=\"2025-12-04T15:26:38+00:00\" \/>\n<meta name=\"twitter:card\" content=\"summary_large_image\" \/>\n<meta name=\"twitter:label1\" content=\"Est. reading time\" \/>\n\t<meta name=\"twitter:data1\" content=\"1 minuta\" \/>\n<script type=\"application\/ld+json\" class=\"yoast-schema-graph\">{\"@context\":\"https:\/\/schema.org\",\"@graph\":[{\"@type\":\"WebPage\",\"@id\":\"https:\/\/dreamvg.com\/sl\/sobe\/\",\"url\":\"https:\/\/dreamvg.com\/sl\/sobe\/\",\"name\":\"Sobe - Hotel Dream Velika Gorica\",\"isPartOf\":{\"@id\":\"https:\/\/dreamvg.com\/#website\"},\"datePublished\":\"2021-11-28T11:36:24+00:00\",\"dateModified\":\"2025-12-04T15:26:38+00:00\",\"breadcrumb\":{\"@id\":\"https:\/\/dreamvg.com\/sl\/sobe\/#breadcrumb\"},\"inLanguage\":\"sl-SI\",\"potentialAction\":[{\"@type\":\"ReadAction\",\"target\":[\"https:\/\/dreamvg.com\/sl\/sobe\/\"]}]},{\"@type\":\"BreadcrumbList\",\"@id\":\"https:\/\/dreamvg.com\/sl\/sobe\/#breadcrumb\",\"itemListElement\":[{\"@type\":\"ListItem\",\"position\":1,\"name\":\"Po\u010detna stranica\",\"item\":\"https:\/\/dreamvg.com\/sl\/naslovnica\/\"},{\"@type\":\"ListItem\",\"position\":2,\"name\":\"Sobe\"}]},{\"@type\":\"WebSite\",\"@id\":\"https:\/\/dreamvg.com\/#website\",\"url\":\"https:\/\/dreamvg.com\/\",\"name\":\"Hotel Dream Velika Gorica\",\"description\":\"\",\"publisher\":{\"@id\":\"https:\/\/dreamvg.com\/#organization\"},\"potentialAction\":[{\"@type\":\"SearchAction\",\"target\":{\"@type\":\"EntryPoint\",\"urlTemplate\":\"https:\/\/dreamvg.com\/?s={search_term_string}\"},\"query-input\":{\"@type\":\"PropertyValueSpecification\",\"valueRequired\":true,\"valueName\":\"search_term_string\"}}],\"inLanguage\":\"sl-SI\"},{\"@type\":\"Organization\",\"@id\":\"https:\/\/dreamvg.com\/#organization\",\"name\":\"Hotel Dream Velika Gorica\",\"url\":\"https:\/\/dreamvg.com\/\",\"logo\":{\"@type\":\"ImageObject\",\"inLanguage\":\"sl-SI\",\"@id\":\"https:\/\/dreamvg.com\/#\/schema\/logo\/image\/\",\"url\":\"https:\/\/dreamvg.com\/wp-content\/uploads\/2025\/09\/DREAM-HOTEL-logo.webp\",\"contentUrl\":\"https:\/\/dreamvg.com\/wp-content\/uploads\/2025\/09\/DREAM-HOTEL-logo.webp\",\"width\":302,\"height\":118,\"caption\":\"Hotel Dream Velika Gorica\"},\"image\":{\"@id\":\"https:\/\/dreamvg.com\/#\/schema\/logo\/image\/\"}}]}<\/script>\n<!-- \/ Yoast SEO plugin. -->","yoast_head_json":{"title":"Sobe - Hotel Dream Velika Gorica","robots":{"index":"index","follow":"follow","max-snippet":"max-snippet:-1","max-image-preview":"max-image-preview:large","max-video-preview":"max-video-preview:-1"},"canonical":"https:\/\/dreamvg.com\/sl\/sobe\/","og_locale":"sl_SI","og_type":"article","og_title":"Sobe - Hotel Dream Velika Gorica","og_url":"https:\/\/dreamvg.com\/sl\/sobe\/","og_site_name":"Hotel Dream Velika Gorica","article_modified_time":"2025-12-04T15:26:38+00:00","twitter_card":"summary_large_image","twitter_misc":{"Est. reading time":"1 minuta"},"schema":{"@context":"https:\/\/schema.org","@graph":[{"@type":"WebPage","@id":"https:\/\/dreamvg.com\/sl\/sobe\/","url":"https:\/\/dreamvg.com\/sl\/sobe\/","name":"Sobe - Hotel Dream Velika Gorica","isPartOf":{"@id":"https:\/\/dreamvg.com\/#website"},"datePublished":"2021-11-28T11:36:24+00:00","dateModified":"2025-12-04T15:26:38+00:00","breadcrumb":{"@id":"https:\/\/dreamvg.com\/sl\/sobe\/#breadcrumb"},"inLanguage":"sl-SI","potentialAction":[{"@type":"ReadAction","target":["https:\/\/dreamvg.com\/sl\/sobe\/"]}]},{"@type":"BreadcrumbList","@id":"https:\/\/dreamvg.com\/sl\/sobe\/#breadcrumb","itemListElement":[{"@type":"ListItem","position":1,"name":"Po\u010detna stranica","item":"https:\/\/dreamvg.com\/sl\/naslovnica\/"},{"@type":"ListItem","position":2,"name":"Sobe"}]},{"@type":"WebSite","@id":"https:\/\/dreamvg.com\/#website","url":"https:\/\/dreamvg.com\/","name":"Hotel Dream Velika Gorica","description":"","publisher":{"@id":"https:\/\/dreamvg.com\/#organization"},"potentialAction":[{"@type":"SearchAction","target":{"@type":"EntryPoint","urlTemplate":"https:\/\/dreamvg.com\/?s={search_term_string}"},"query-input":{"@type":"PropertyValueSpecification","valueRequired":true,"valueName":"search_term_string"}}],"inLanguage":"sl-SI"},{"@type":"Organization","@id":"https:\/\/dreamvg.com\/#organization","name":"Hotel Dream Velika Gorica","url":"https:\/\/dreamvg.com\/","logo":{"@type":"ImageObject","inLanguage":"sl-SI","@id":"https:\/\/dreamvg.com\/#\/schema\/logo\/image\/","url":"https:\/\/dreamvg.com\/wp-content\/uploads\/2025\/09\/DREAM-HOTEL-logo.webp","contentUrl":"https:\/\/dreamvg.com\/wp-content\/uploads\/2025\/09\/DREAM-HOTEL-logo.webp","width":302,"height":118,"caption":"Hotel Dream Velika Gorica"},"image":{"@id":"https:\/\/dreamvg.com\/#\/schema\/logo\/image\/"}}]}},"_links":{"self":[{"href":"https:\/\/dreamvg.com\/sl\/wp-json\/wp\/v2\/pages\/3170","targetHints":{"allow":["GET"]}}],"collection":[{"href":"https:\/\/dreamvg.com\/sl\/wp-json\/wp\/v2\/pages"}],"about":[{"href":"https:\/\/dreamvg.com\/sl\/wp-json\/wp\/v2\/types\/page"}],"author":[{"embeddable":true,"href":"https:\/\/dreamvg.com\/sl\/wp-json\/wp\/v2\/users\/1"}],"replies":[{"embeddable":true,"href":"https:\/\/dreamvg.com\/sl\/wp-json\/wp\/v2\/comments?post=3170"}],"version-history":[{"count":2,"href":"https:\/\/dreamvg.com\/sl\/wp-json\/wp\/v2\/pages\/3170\/revisions"}],"predecessor-version":[{"id":3172,"href":"https:\/\/dreamvg.com\/sl\/wp-json\/wp\/v2\/pages\/3170\/revisions\/3172"}],"wp:attachment":[{"href":"https:\/\/dreamvg.com\/sl\/wp-json\/wp\/v2\/media?parent=3170"}],"curies":[{"name":"wp","href":"https:\/\/api.w.org\/{rel}","templated":true}]}}