{"id":6705,"date":"2026-01-20T10:12:29","date_gmt":"2026-01-20T08:12:29","guid":{"rendered":"https:\/\/dreamvg.com\/hvala\/"},"modified":"2026-02-13T12:28:39","modified_gmt":"2026-02-13T10:28:39","slug":"hvala","status":"publish","type":"page","link":"https:\/\/dreamvg.com\/fr\/hvala\/","title":{"rendered":"Merci"},"content":{"rendered":"<section class=\"l-section wpb_row height_small\"><div class=\"l-section-h i-cf\"><div class=\"g-cols vc_row via_grid cols_1 laptops-cols_inherit tablets-cols_inherit mobiles-cols_1 valign_top type_default stacking_default\"><div class=\"wpb_column vc_column_container us_custom_60e9caca us_animate_this\"><div class=\"vc_column-inner\"><h4 class=\"w-text us_custom_eb849559\"><span class=\"w-text-h\"><span class=\"w-text-value\">Merci pour votre r\u00e9servation !<\/span><\/span><\/h4><div class=\"wpb_text_column us_custom_2dbf7b3f\"><div class=\"wpb_wrapper\"><p style=\"text-align: center;\">Nous avons envoy\u00e9 les d\u00e9tails de votre r\u00e9servation \u00e0 votre adresse \u00e9lectronique.<\/p>\n<\/div><\/div><\/div><\/div><\/div><\/div><\/section>\n","protected":false},"excerpt":{"rendered":"","protected":false},"author":1,"featured_media":0,"parent":0,"menu_order":0,"comment_status":"closed","ping_status":"closed","template":"page-reservation-details.php","meta":{"_acf_changed":false,"footnotes":""},"class_list":["post-6705","page","type-page","status-publish","hentry"],"acf":[],"yoast_head":"<!-- This site is optimized with the Yoast SEO plugin v26.9 - https:\/\/yoast.com\/product\/yoast-seo-wordpress\/ -->\n<title>Merci - Hotel Dream Velika Gorica<\/title>\n<meta name=\"robots\" content=\"index, follow, max-snippet:-1, max-image-preview:large, max-video-preview:-1\" \/>\n<link rel=\"canonical\" href=\"https:\/\/dreamvg.com\/fr\/hvala\/\" \/>\n<meta property=\"og:locale\" content=\"fr_FR\" \/>\n<meta property=\"og:type\" content=\"article\" \/>\n<meta property=\"og:title\" content=\"Merci - Hotel Dream Velika Gorica\" \/>\n<meta property=\"og:url\" content=\"https:\/\/dreamvg.com\/fr\/hvala\/\" \/>\n<meta property=\"og:site_name\" content=\"Hotel Dream Velika Gorica\" \/>\n<meta property=\"article:modified_time\" content=\"2026-02-13T10:28:39+00:00\" \/>\n<meta name=\"twitter:card\" content=\"summary_large_image\" \/>\n<meta name=\"twitter:label1\" content=\"Dur\u00e9e de lecture estim\u00e9e\" \/>\n\t<meta name=\"twitter:data1\" content=\"1 minute\" \/>\n<script type=\"application\/ld+json\" class=\"yoast-schema-graph\">{\"@context\":\"https:\/\/schema.org\",\"@graph\":[{\"@type\":\"WebPage\",\"@id\":\"https:\/\/dreamvg.com\/fr\/hvala\/\",\"url\":\"https:\/\/dreamvg.com\/fr\/hvala\/\",\"name\":\"Merci - Hotel Dream Velika Gorica\",\"isPartOf\":{\"@id\":\"https:\/\/dreamvg.com\/#website\"},\"datePublished\":\"2026-01-20T08:12:29+00:00\",\"dateModified\":\"2026-02-13T10:28:39+00:00\",\"breadcrumb\":{\"@id\":\"https:\/\/dreamvg.com\/fr\/hvala\/#breadcrumb\"},\"inLanguage\":\"fr-FR\",\"potentialAction\":[{\"@type\":\"ReadAction\",\"target\":[\"https:\/\/dreamvg.com\/fr\/hvala\/\"]}]},{\"@type\":\"BreadcrumbList\",\"@id\":\"https:\/\/dreamvg.com\/fr\/hvala\/#breadcrumb\",\"itemListElement\":[{\"@type\":\"ListItem\",\"position\":1,\"name\":\"Po\u010detna stranica\",\"item\":\"https:\/\/dreamvg.com\/fr\/maison\/\"},{\"@type\":\"ListItem\",\"position\":2,\"name\":\"Merci\"}]},{\"@type\":\"WebSite\",\"@id\":\"https:\/\/dreamvg.com\/#website\",\"url\":\"https:\/\/dreamvg.com\/\",\"name\":\"Hotel Dream Velika Gorica\",\"description\":\"\",\"publisher\":{\"@id\":\"https:\/\/dreamvg.com\/#organization\"},\"potentialAction\":[{\"@type\":\"SearchAction\",\"target\":{\"@type\":\"EntryPoint\",\"urlTemplate\":\"https:\/\/dreamvg.com\/?s={search_term_string}\"},\"query-input\":{\"@type\":\"PropertyValueSpecification\",\"valueRequired\":true,\"valueName\":\"search_term_string\"}}],\"inLanguage\":\"fr-FR\"},{\"@type\":\"Organization\",\"@id\":\"https:\/\/dreamvg.com\/#organization\",\"name\":\"Hotel Dream Velika Gorica\",\"url\":\"https:\/\/dreamvg.com\/\",\"logo\":{\"@type\":\"ImageObject\",\"inLanguage\":\"fr-FR\",\"@id\":\"https:\/\/dreamvg.com\/#\/schema\/logo\/image\/\",\"url\":\"https:\/\/dreamvg.com\/wp-content\/uploads\/2025\/09\/DREAM-HOTEL-logo.webp\",\"contentUrl\":\"https:\/\/dreamvg.com\/wp-content\/uploads\/2025\/09\/DREAM-HOTEL-logo.webp\",\"width\":302,\"height\":118,\"caption\":\"Hotel Dream Velika Gorica\"},\"image\":{\"@id\":\"https:\/\/dreamvg.com\/#\/schema\/logo\/image\/\"}}]}<\/script>\n<!-- \/ Yoast SEO plugin. -->","yoast_head_json":{"title":"Merci - Hotel Dream Velika Gorica","robots":{"index":"index","follow":"follow","max-snippet":"max-snippet:-1","max-image-preview":"max-image-preview:large","max-video-preview":"max-video-preview:-1"},"canonical":"https:\/\/dreamvg.com\/fr\/hvala\/","og_locale":"fr_FR","og_type":"article","og_title":"Merci - Hotel Dream Velika Gorica","og_url":"https:\/\/dreamvg.com\/fr\/hvala\/","og_site_name":"Hotel Dream Velika Gorica","article_modified_time":"2026-02-13T10:28:39+00:00","twitter_card":"summary_large_image","twitter_misc":{"Dur\u00e9e de lecture estim\u00e9e":"1 minute"},"schema":{"@context":"https:\/\/schema.org","@graph":[{"@type":"WebPage","@id":"https:\/\/dreamvg.com\/fr\/hvala\/","url":"https:\/\/dreamvg.com\/fr\/hvala\/","name":"Merci - Hotel Dream Velika Gorica","isPartOf":{"@id":"https:\/\/dreamvg.com\/#website"},"datePublished":"2026-01-20T08:12:29+00:00","dateModified":"2026-02-13T10:28:39+00:00","breadcrumb":{"@id":"https:\/\/dreamvg.com\/fr\/hvala\/#breadcrumb"},"inLanguage":"fr-FR","potentialAction":[{"@type":"ReadAction","target":["https:\/\/dreamvg.com\/fr\/hvala\/"]}]},{"@type":"BreadcrumbList","@id":"https:\/\/dreamvg.com\/fr\/hvala\/#breadcrumb","itemListElement":[{"@type":"ListItem","position":1,"name":"Po\u010detna stranica","item":"https:\/\/dreamvg.com\/fr\/maison\/"},{"@type":"ListItem","position":2,"name":"Merci"}]},{"@type":"WebSite","@id":"https:\/\/dreamvg.com\/#website","url":"https:\/\/dreamvg.com\/","name":"Hotel Dream Velika Gorica","description":"","publisher":{"@id":"https:\/\/dreamvg.com\/#organization"},"potentialAction":[{"@type":"SearchAction","target":{"@type":"EntryPoint","urlTemplate":"https:\/\/dreamvg.com\/?s={search_term_string}"},"query-input":{"@type":"PropertyValueSpecification","valueRequired":true,"valueName":"search_term_string"}}],"inLanguage":"fr-FR"},{"@type":"Organization","@id":"https:\/\/dreamvg.com\/#organization","name":"Hotel Dream Velika Gorica","url":"https:\/\/dreamvg.com\/","logo":{"@type":"ImageObject","inLanguage":"fr-FR","@id":"https:\/\/dreamvg.com\/#\/schema\/logo\/image\/","url":"https:\/\/dreamvg.com\/wp-content\/uploads\/2025\/09\/DREAM-HOTEL-logo.webp","contentUrl":"https:\/\/dreamvg.com\/wp-content\/uploads\/2025\/09\/DREAM-HOTEL-logo.webp","width":302,"height":118,"caption":"Hotel Dream Velika Gorica"},"image":{"@id":"https:\/\/dreamvg.com\/#\/schema\/logo\/image\/"}}]}},"_links":{"self":[{"href":"https:\/\/dreamvg.com\/fr\/wp-json\/wp\/v2\/pages\/6705","targetHints":{"allow":["GET"]}}],"collection":[{"href":"https:\/\/dreamvg.com\/fr\/wp-json\/wp\/v2\/pages"}],"about":[{"href":"https:\/\/dreamvg.com\/fr\/wp-json\/wp\/v2\/types\/page"}],"author":[{"embeddable":true,"href":"https:\/\/dreamvg.com\/fr\/wp-json\/wp\/v2\/users\/1"}],"replies":[{"embeddable":true,"href":"https:\/\/dreamvg.com\/fr\/wp-json\/wp\/v2\/comments?post=6705"}],"version-history":[{"count":4,"href":"https:\/\/dreamvg.com\/fr\/wp-json\/wp\/v2\/pages\/6705\/revisions"}],"predecessor-version":[{"id":9189,"href":"https:\/\/dreamvg.com\/fr\/wp-json\/wp\/v2\/pages\/6705\/revisions\/9189"}],"wp:attachment":[{"href":"https:\/\/dreamvg.com\/fr\/wp-json\/wp\/v2\/media?parent=6705"}],"curies":[{"name":"wp","href":"https:\/\/api.w.org\/{rel}","templated":true}]}}