{"id":2353,"date":"2025-10-23T14:39:21","date_gmt":"2025-10-23T12:39:21","guid":{"rendered":"https:\/\/dreamvg.com\/parking\/"},"modified":"2026-02-05T12:11:51","modified_gmt":"2026-02-05T10:11:51","slug":"parking","status":"publish","type":"page","link":"https:\/\/dreamvg.com\/fr\/parking\/","title":{"rendered":"Parking"},"content":{"rendered":"<section class=\"l-section wpb_row us_custom_87d3a167 us_animate_this height_small\"><div class=\"l-section-h i-cf\"><div class=\"g-cols vc_row via_grid cols_3 laptops-cols_inherit tablets-cols_inherit mobiles-cols_1 valign_top type_default stacking_default\"><div class=\"wpb_column vc_column_container\"><div class=\"vc_column-inner\"><div class=\"w-iconbox iconpos_top style_default color_primary align_center no_text no_title\"><div class=\"w-iconbox-icon\" style=\"font-size:2rem;\"><i class=\"fas fa-video\"><\/i><\/div><div class=\"w-iconbox-meta\"><\/div><\/div><h4 class=\"w-text us_custom_aa1aee10\"><span class=\"w-text-h\"><span class=\"w-text-value\">PARKING S\u00c9CURIS\u00c9<\/span><\/span><\/h4><div class=\"wpb_text_column\"><div class=\"wpb_wrapper\"><p style=\"text-align: center;\">Laissez votre v\u00e9hicule dans un endroit s\u00fbr. Notre parking et notre garage sont \u00e9quip\u00e9s de vid\u00e9osurveillance. <\/p>\n<\/div><\/div><\/div><\/div><div class=\"wpb_column vc_column_container\"><div class=\"vc_column-inner\"><div class=\"w-iconbox iconpos_top style_default color_primary align_center no_text no_title\"><div class=\"w-iconbox-icon\" style=\"font-size:2rem;\"><i class=\"fas fa-clock\"><\/i><\/div><div class=\"w-iconbox-meta\"><\/div><\/div><h4 class=\"w-text us_custom_aa1aee10\"><span class=\"w-text-h\"><span class=\"w-text-value\">OUVERT 24\/7<\/span><\/span><\/h4><div class=\"wpb_text_column\"><div class=\"wpb_wrapper\"><p style=\"text-align: center;\">Il n\u2019est pas n\u00e9cessaire d\u2019\u00eatre client de l\u2019h\u00f4tel pour utiliser le parking ou le garage !<\/p>\n<\/div><\/div><\/div><\/div><div class=\"wpb_column vc_column_container\"><div class=\"vc_column-inner\"><div class=\"w-iconbox iconpos_top style_default color_primary align_center no_text no_title\"><div class=\"w-iconbox-icon\" style=\"font-size:2rem;\"><i class=\"fas fa-warehouse\"><\/i><\/div><div class=\"w-iconbox-meta\"><\/div><\/div><h4 class=\"w-text us_custom_aa1aee10\"><span class=\"w-text-h\"><span class=\"w-text-value\">GARAGE SOUTERRAIN<\/span><\/span><\/h4><div class=\"wpb_text_column\"><div class=\"wpb_wrapper\"><p style=\"text-align: center;\">Le seul garage souterrain \u00e0 proximit\u00e9 de l\u2019a\u00e9roport de Zagreb ! Le conducteur conserve la cl\u00e9 du v\u00e9hicule. <\/p>\n<\/div><\/div><\/div><\/div><\/div><\/div><\/section><section class=\"l-section wpb_row height_small\"><div class=\"l-section-h i-cf\"><div class=\"g-cols vc_row via_grid cols_1 laptops-cols_inherit tablets-cols_inherit mobiles-cols_1 valign_top type_default stacking_default\"><div class=\"wpb_column vc_column_container us_custom_60e9caca us_animate_this\"><div class=\"vc_column-inner\"><div class=\"wpb_text_column us_custom_2dbf7b3f\"><div class=\"wpb_wrapper\"><p style=\"text-align: center;\">Le parking et le garage de l\u2019h\u00f4tel Dream sont situ\u00e9s dans un quartier r\u00e9sidentiel calme de Velika Gorica, \u00e0 seulement 5 minutes de l\u2019a\u00e9roport \u201cFranjo Tu\u0111man\u201d \u2013 Zagreb. Un emplacement id\u00e9al et s\u00fbr pour garer votre v\u00e9hicule en toute tranquillit\u00e9. <\/p>\n<\/div><\/div><\/div><\/div><\/div><\/div><\/section><section class=\"l-section wpb_row height_medium\"><div class=\"l-section-h i-cf\"><div class=\"g-cols vc_row via_grid cols_1 laptops-cols_inherit tablets-cols_inherit mobiles-cols_1 valign_top type_default stacking_default\"><div class=\"wpb_column vc_column_container us_custom_60e9caca us_animate_this\"><div class=\"vc_column-inner\"><h4 class=\"w-text\"><span class=\"w-text-h\"><span class=\"w-text-value\">Types de parkings et garages<\/span><\/span><\/h4><div class=\"g-cols wpb_row via_grid cols_3 laptops-cols_inherit tablets-cols_inherit mobiles-cols_1 valign_top type_default stacking_default\" style=\"--columns-gap:3rem;\"><div class=\"wpb_column vc_column_container\"><div class=\"vc_column-inner\"><h6 class=\"w-text\"><span class=\"w-text-h\"><span class=\"w-text-value\">Parking ext\u00e9rieur<\/span><\/span><\/h6><div class=\"w-image us_custom_8d5aa4e2 align_none\"><div class=\"w-image-h\"><img decoding=\"async\" width=\"1024\" height=\"768\" src=\"https:\/\/dreamvg.com\/wp-content\/uploads\/2025\/11\/parking-1024x768.jpg\" class=\"attachment-large size-large\" alt=\"\" loading=\"lazy\" srcset=\"https:\/\/dreamvg.com\/wp-content\/uploads\/2025\/11\/parking-1024x768.jpg 1024w, https:\/\/dreamvg.com\/wp-content\/uploads\/2025\/11\/parking-300x225.jpg 300w, https:\/\/dreamvg.com\/wp-content\/uploads\/2025\/11\/parking-408x306.jpg 408w, https:\/\/dreamvg.com\/wp-content\/uploads\/2025\/11\/parking.jpg 1920w\" sizes=\"auto, (max-width: 1024px) 100vw, 1024px\" \/><\/div><\/div><div class=\"wpb_text_column\"><div class=\"wpb_wrapper\"><p>* parking ext\u00e9rieur asphalt\u00e9<br \/>* transport gratuit vers et depuis l\u2019a\u00e9roport<br \/>* tarifs comp\u00e9titifs<br \/>* le conducteur conserve les cl\u00e9s du v\u00e9hicule<br \/>vparking surveill\u00e9 \/ vid\u00e9osurveillance<br \/>* ouvert 24\/7<br \/>* bien \u00e9clair\u00e9 la nuit<br \/>* il n\u2019est pas n\u00e9cessaire d\u2019\u00eatre client de l\u2019h\u00f4tel pour utiliser le parking<\/p>\n<\/div><\/div><\/div><\/div><div class=\"wpb_column vc_column_container\"><div class=\"vc_column-inner\"><h6 class=\"w-text\"><span class=\"w-text-h\"><span class=\"w-text-value\">Parking int\u00e9rieur<\/span><\/span><\/h6><div class=\"w-image us_custom_8d5aa4e2 align_none\"><div class=\"w-image-h\"><img decoding=\"async\" width=\"839\" height=\"597\" src=\"https:\/\/dreamvg.com\/wp-content\/uploads\/2025\/11\/unutarnji-parking.webp\" class=\"attachment-large size-large\" alt=\"\" loading=\"lazy\" srcset=\"https:\/\/dreamvg.com\/wp-content\/uploads\/2025\/11\/unutarnji-parking.webp 839w, https:\/\/dreamvg.com\/wp-content\/uploads\/2025\/11\/unutarnji-parking-300x213.webp 300w, https:\/\/dreamvg.com\/wp-content\/uploads\/2025\/11\/unutarnji-parking-430x306.webp 430w\" sizes=\"auto, (max-width: 839px) 100vw, 839px\" \/><\/div><\/div><div class=\"wpb_text_column\"><div class=\"wpb_wrapper\"><p>* place de parking dans le garage souterrain<br \/>* transport gratuit vers et depuis l\u2019a\u00e9roport<br \/>* tarifs comp\u00e9titifs<br \/>* le conducteur conserve les cl\u00e9s du v\u00e9hicule<br \/>* parking surveill\u00e9 \/ vid\u00e9osurveillance<br \/>* ouvert 24\/7<br \/>* bien \u00e9clair\u00e9 la nuit<br \/>* il n\u2019est pas n\u00e9cessaire d\u2019\u00eatre client de l\u2019h\u00f4tel pour utiliser le garage<\/p>\n<\/div><\/div><\/div><\/div><div class=\"wpb_column vc_column_container\"><div class=\"vc_column-inner\"><h6 class=\"w-text\"><span class=\"w-text-h\"><span class=\"w-text-value\">Garage priv\u00e9<\/span><\/span><\/h6><div class=\"w-image us_custom_8d5aa4e2 align_none\"><div class=\"w-image-h\"><img decoding=\"async\" width=\"839\" height=\"597\" src=\"https:\/\/dreamvg.com\/wp-content\/uploads\/2025\/11\/privatna-garaza.webp\" class=\"attachment-large size-large\" alt=\"\" loading=\"lazy\" srcset=\"https:\/\/dreamvg.com\/wp-content\/uploads\/2025\/11\/privatna-garaza.webp 839w, https:\/\/dreamvg.com\/wp-content\/uploads\/2025\/11\/privatna-garaza-300x213.webp 300w, https:\/\/dreamvg.com\/wp-content\/uploads\/2025\/11\/privatna-garaza-430x306.webp 430w\" sizes=\"auto, (max-width: 839px) 100vw, 839px\" \/><\/div><\/div><div class=\"wpb_text_column\"><div class=\"wpb_wrapper\"><p>* garage priv\u00e9 ferm\u00e9<br \/>* transport gratuit vers et depuis l\u2019a\u00e9roport<br \/>* tarifs comp\u00e9titifs<br \/>* le conducteur conserve les cl\u00e9s du v\u00e9hicule<br \/>* parking surveill\u00e9 \/ vid\u00e9osurveillance<br \/>* ouvert 24\/7<br \/>* bien \u00e9clair\u00e9 la nuit<br \/>* il n\u2019est pas n\u00e9cessaire d\u2019\u00eatre client de l\u2019h\u00f4tel pour utiliser le garage<\/p>\n<\/div><\/div><\/div><\/div><div class=\"wpb_column vc_column_container\"><div class=\"vc_column-inner\"><h6 class=\"w-text\"><span class=\"w-text-h\"><span class=\"w-text-value\">NOUVEAU ! Station de recharge \u2013 NOUVEAU !<\/span><\/span><\/h6><div class=\"w-image us_custom_8d5aa4e2 align_none\"><div class=\"w-image-h\"><img decoding=\"async\" width=\"1024\" height=\"768\" src=\"https:\/\/dreamvg.com\/wp-content\/uploads\/2025\/11\/e-punionica-1024x768.webp\" class=\"attachment-large size-large\" alt=\"\" loading=\"lazy\" srcset=\"https:\/\/dreamvg.com\/wp-content\/uploads\/2025\/11\/e-punionica-1024x768.webp 1024w, https:\/\/dreamvg.com\/wp-content\/uploads\/2025\/11\/e-punionica-300x225.webp 300w, https:\/\/dreamvg.com\/wp-content\/uploads\/2025\/11\/e-punionica-408x306.webp 408w, https:\/\/dreamvg.com\/wp-content\/uploads\/2025\/11\/e-punionica.webp 1440w\" sizes=\"auto, (max-width: 1024px) 100vw, 1024px\" \/><\/div><\/div><div class=\"wpb_text_column\"><div class=\"wpb_wrapper\"><p>* possibilit\u00e9 de recharger les v\u00e9hicules \u00e9lectriques<br \/>* prise Type 2 (AC)<br \/>* Puissance nominale : 22 kW (32 A)<br \/>* Identification : RFID<\/p>\n<\/div><\/div><\/div><\/div><\/div><\/div><\/div><\/div><\/div><\/section>\n","protected":false},"excerpt":{"rendered":"","protected":false},"author":1,"featured_media":0,"parent":0,"menu_order":0,"comment_status":"closed","ping_status":"closed","template":"page-parking.php","meta":{"_acf_changed":false,"footnotes":""},"class_list":["post-2353","page","type-page","status-publish","hentry"],"acf":[],"yoast_head":"<!-- This site is optimized with the Yoast SEO plugin v26.9 - https:\/\/yoast.com\/product\/yoast-seo-wordpress\/ -->\n<title>Parking - Hotel Dream Velika Gorica<\/title>\n<meta name=\"robots\" content=\"index, follow, max-snippet:-1, max-image-preview:large, max-video-preview:-1\" \/>\n<link rel=\"canonical\" href=\"https:\/\/dreamvg.com\/fr\/parking\/\" \/>\n<meta property=\"og:locale\" content=\"fr_FR\" \/>\n<meta property=\"og:type\" content=\"article\" \/>\n<meta property=\"og:title\" content=\"Parking - Hotel Dream Velika Gorica\" \/>\n<meta property=\"og:url\" content=\"https:\/\/dreamvg.com\/fr\/parking\/\" \/>\n<meta property=\"og:site_name\" content=\"Hotel Dream Velika Gorica\" \/>\n<meta property=\"article:modified_time\" content=\"2026-02-05T10:11:51+00:00\" \/>\n<meta name=\"twitter:card\" content=\"summary_large_image\" \/>\n<meta name=\"twitter:label1\" content=\"Dur\u00e9e de lecture estim\u00e9e\" \/>\n\t<meta name=\"twitter:data1\" content=\"3 minutes\" \/>\n<script type=\"application\/ld+json\" class=\"yoast-schema-graph\">{\"@context\":\"https:\/\/schema.org\",\"@graph\":[{\"@type\":\"WebPage\",\"@id\":\"https:\/\/dreamvg.com\/fr\/parking\/\",\"url\":\"https:\/\/dreamvg.com\/fr\/parking\/\",\"name\":\"Parking - Hotel Dream Velika Gorica\",\"isPartOf\":{\"@id\":\"https:\/\/dreamvg.com\/#website\"},\"datePublished\":\"2025-10-23T12:39:21+00:00\",\"dateModified\":\"2026-02-05T10:11:51+00:00\",\"breadcrumb\":{\"@id\":\"https:\/\/dreamvg.com\/fr\/parking\/#breadcrumb\"},\"inLanguage\":\"fr-FR\",\"potentialAction\":[{\"@type\":\"ReadAction\",\"target\":[\"https:\/\/dreamvg.com\/fr\/parking\/\"]}]},{\"@type\":\"BreadcrumbList\",\"@id\":\"https:\/\/dreamvg.com\/fr\/parking\/#breadcrumb\",\"itemListElement\":[{\"@type\":\"ListItem\",\"position\":1,\"name\":\"Po\u010detna stranica\",\"item\":\"https:\/\/dreamvg.com\/fr\/maison\/\"},{\"@type\":\"ListItem\",\"position\":2,\"name\":\"Parking\"}]},{\"@type\":\"WebSite\",\"@id\":\"https:\/\/dreamvg.com\/#website\",\"url\":\"https:\/\/dreamvg.com\/\",\"name\":\"Hotel Dream Velika Gorica\",\"description\":\"\",\"publisher\":{\"@id\":\"https:\/\/dreamvg.com\/#organization\"},\"potentialAction\":[{\"@type\":\"SearchAction\",\"target\":{\"@type\":\"EntryPoint\",\"urlTemplate\":\"https:\/\/dreamvg.com\/?s={search_term_string}\"},\"query-input\":{\"@type\":\"PropertyValueSpecification\",\"valueRequired\":true,\"valueName\":\"search_term_string\"}}],\"inLanguage\":\"fr-FR\"},{\"@type\":\"Organization\",\"@id\":\"https:\/\/dreamvg.com\/#organization\",\"name\":\"Hotel Dream Velika Gorica\",\"url\":\"https:\/\/dreamvg.com\/\",\"logo\":{\"@type\":\"ImageObject\",\"inLanguage\":\"fr-FR\",\"@id\":\"https:\/\/dreamvg.com\/#\/schema\/logo\/image\/\",\"url\":\"https:\/\/dreamvg.com\/wp-content\/uploads\/2025\/09\/DREAM-HOTEL-logo.webp\",\"contentUrl\":\"https:\/\/dreamvg.com\/wp-content\/uploads\/2025\/09\/DREAM-HOTEL-logo.webp\",\"width\":302,\"height\":118,\"caption\":\"Hotel Dream Velika Gorica\"},\"image\":{\"@id\":\"https:\/\/dreamvg.com\/#\/schema\/logo\/image\/\"}}]}<\/script>\n<!-- \/ Yoast SEO plugin. -->","yoast_head_json":{"title":"Parking - Hotel Dream Velika Gorica","robots":{"index":"index","follow":"follow","max-snippet":"max-snippet:-1","max-image-preview":"max-image-preview:large","max-video-preview":"max-video-preview:-1"},"canonical":"https:\/\/dreamvg.com\/fr\/parking\/","og_locale":"fr_FR","og_type":"article","og_title":"Parking - Hotel Dream Velika Gorica","og_url":"https:\/\/dreamvg.com\/fr\/parking\/","og_site_name":"Hotel Dream Velika Gorica","article_modified_time":"2026-02-05T10:11:51+00:00","twitter_card":"summary_large_image","twitter_misc":{"Dur\u00e9e de lecture estim\u00e9e":"3 minutes"},"schema":{"@context":"https:\/\/schema.org","@graph":[{"@type":"WebPage","@id":"https:\/\/dreamvg.com\/fr\/parking\/","url":"https:\/\/dreamvg.com\/fr\/parking\/","name":"Parking - Hotel Dream Velika Gorica","isPartOf":{"@id":"https:\/\/dreamvg.com\/#website"},"datePublished":"2025-10-23T12:39:21+00:00","dateModified":"2026-02-05T10:11:51+00:00","breadcrumb":{"@id":"https:\/\/dreamvg.com\/fr\/parking\/#breadcrumb"},"inLanguage":"fr-FR","potentialAction":[{"@type":"ReadAction","target":["https:\/\/dreamvg.com\/fr\/parking\/"]}]},{"@type":"BreadcrumbList","@id":"https:\/\/dreamvg.com\/fr\/parking\/#breadcrumb","itemListElement":[{"@type":"ListItem","position":1,"name":"Po\u010detna stranica","item":"https:\/\/dreamvg.com\/fr\/maison\/"},{"@type":"ListItem","position":2,"name":"Parking"}]},{"@type":"WebSite","@id":"https:\/\/dreamvg.com\/#website","url":"https:\/\/dreamvg.com\/","name":"Hotel Dream Velika Gorica","description":"","publisher":{"@id":"https:\/\/dreamvg.com\/#organization"},"potentialAction":[{"@type":"SearchAction","target":{"@type":"EntryPoint","urlTemplate":"https:\/\/dreamvg.com\/?s={search_term_string}"},"query-input":{"@type":"PropertyValueSpecification","valueRequired":true,"valueName":"search_term_string"}}],"inLanguage":"fr-FR"},{"@type":"Organization","@id":"https:\/\/dreamvg.com\/#organization","name":"Hotel Dream Velika Gorica","url":"https:\/\/dreamvg.com\/","logo":{"@type":"ImageObject","inLanguage":"fr-FR","@id":"https:\/\/dreamvg.com\/#\/schema\/logo\/image\/","url":"https:\/\/dreamvg.com\/wp-content\/uploads\/2025\/09\/DREAM-HOTEL-logo.webp","contentUrl":"https:\/\/dreamvg.com\/wp-content\/uploads\/2025\/09\/DREAM-HOTEL-logo.webp","width":302,"height":118,"caption":"Hotel Dream Velika Gorica"},"image":{"@id":"https:\/\/dreamvg.com\/#\/schema\/logo\/image\/"}}]}},"_links":{"self":[{"href":"https:\/\/dreamvg.com\/fr\/wp-json\/wp\/v2\/pages\/2353","targetHints":{"allow":["GET"]}}],"collection":[{"href":"https:\/\/dreamvg.com\/fr\/wp-json\/wp\/v2\/pages"}],"about":[{"href":"https:\/\/dreamvg.com\/fr\/wp-json\/wp\/v2\/types\/page"}],"author":[{"embeddable":true,"href":"https:\/\/dreamvg.com\/fr\/wp-json\/wp\/v2\/users\/1"}],"replies":[{"embeddable":true,"href":"https:\/\/dreamvg.com\/fr\/wp-json\/wp\/v2\/comments?post=2353"}],"version-history":[{"count":30,"href":"https:\/\/dreamvg.com\/fr\/wp-json\/wp\/v2\/pages\/2353\/revisions"}],"predecessor-version":[{"id":4319,"href":"https:\/\/dreamvg.com\/fr\/wp-json\/wp\/v2\/pages\/2353\/revisions\/4319"}],"wp:attachment":[{"href":"https:\/\/dreamvg.com\/fr\/wp-json\/wp\/v2\/media?parent=2353"}],"curies":[{"name":"wp","href":"https:\/\/api.w.org\/{rel}","templated":true}]}}